{"id":2,"date":"2022-01-07T11:55:34","date_gmt":"2022-01-07T10:55:34","guid":{"rendered":"https:\/\/wdata.fixdistribution.sk\/?page_id=2"},"modified":"2022-01-18T21:05:26","modified_gmt":"2022-01-18T20:05:26","slug":"ukazka-strany","status":"publish","type":"page","link":"https:\/\/wdata.fixdistribution.sk\/","title":{"rendered":"FixDistribution DB"},"content":{"rendered":"\n<div class=\"is-layout-flex wp-block-buttons\">\n<div class=\"wp-block-button has-custom-width wp-block-button__width-50 is-style-outline\"><a class=\"wp-block-button__link has-white-color has-vivid-cyan-blue-background-color has-text-color has-background\" href=\"https:\/\/wdata.fixdistribution.sk\/wp-login.php?redirect_to=https%3A%2F%2Fwdata.fixdistribution.sk%2Fwp-admin%2F&amp;reauth=1\">Prihl\u00e1si\u0165<\/a><\/div>\n<\/div>\n\n\n\n<p><\/p>\n","protected":false},"excerpt":{"rendered":"","protected":false},"author":1,"featured_media":0,"parent":0,"menu_order":0,"comment_status":"closed","ping_status":"open","template":"page-templates\/full-width.php","meta":{"_mi_skip_tracking":false},"yoast_head":"<!-- This site is optimized with the Yoast SEO plugin v20.3 - https:\/\/yoast.com\/wordpress\/plugins\/seo\/ -->\n<title>FixDistribution DB - FixDIstribution<\/title>\n<meta name=\"robots\" content=\"noindex, follow, max-snippet:-1, max-image-preview:large, max-video-preview:-1\" \/>\n<meta property=\"og:locale\" content=\"sk_SK\" \/>\n<meta property=\"og:type\" content=\"article\" \/>\n<meta property=\"og:title\" content=\"FixDistribution DB - FixDIstribution\" \/>\n<meta property=\"og:url\" content=\"https:\/\/wdata.fixdistribution.sk\/\" \/>\n<meta property=\"og:site_name\" content=\"FixDIstribution\" \/>\n<meta property=\"article:modified_time\" content=\"2022-01-18T20:05:26+00:00\" \/>\n<meta name=\"twitter:card\" content=\"summary_large_image\" \/>\n<meta name=\"twitter:label1\" content=\"Predpokladan\u00fd \u010das \u010d\u00edtania\" \/>\n\t<meta name=\"twitter:data1\" content=\"1 min\u00fata\" \/>\n<script type=\"application\/ld+json\" class=\"yoast-schema-graph\">{\"@context\":\"https:\/\/schema.org\",\"@graph\":[{\"@type\":\"WebPage\",\"@id\":\"https:\/\/wdata.fixdistribution.sk\/\",\"url\":\"https:\/\/wdata.fixdistribution.sk\/\",\"name\":\"FixDistribution DB - FixDIstribution\",\"isPartOf\":{\"@id\":\"https:\/\/wdata.fixdistribution.sk\/#website\"},\"datePublished\":\"2022-01-07T10:55:34+00:00\",\"dateModified\":\"2022-01-18T20:05:26+00:00\",\"breadcrumb\":{\"@id\":\"https:\/\/wdata.fixdistribution.sk\/#breadcrumb\"},\"inLanguage\":\"sk-SK\",\"potentialAction\":[{\"@type\":\"ReadAction\",\"target\":[\"https:\/\/wdata.fixdistribution.sk\/\"]}]},{\"@type\":\"BreadcrumbList\",\"@id\":\"https:\/\/wdata.fixdistribution.sk\/#breadcrumb\",\"itemListElement\":[{\"@type\":\"ListItem\",\"position\":1,\"name\":\"Home\",\"item\":\"https:\/\/wdata.fixdistribution.sk\/\"},{\"@type\":\"ListItem\",\"position\":2,\"name\":\"FixDistribution DB\"}]},{\"@type\":\"WebSite\",\"@id\":\"https:\/\/wdata.fixdistribution.sk\/#website\",\"url\":\"https:\/\/wdata.fixdistribution.sk\/\",\"name\":\"FixDIstribution\",\"description\":\"\",\"potentialAction\":[{\"@type\":\"SearchAction\",\"target\":{\"@type\":\"EntryPoint\",\"urlTemplate\":\"https:\/\/wdata.fixdistribution.sk\/?s={search_term_string}\"},\"query-input\":\"required name=search_term_string\"}],\"inLanguage\":\"sk-SK\"}]}<\/script>\n<!-- \/ Yoast SEO plugin. -->","yoast_head_json":{"title":"FixDistribution DB - FixDIstribution","robots":{"index":"noindex","follow":"follow","max-snippet":"max-snippet:-1","max-image-preview":"max-image-preview:large","max-video-preview":"max-video-preview:-1"},"og_locale":"sk_SK","og_type":"article","og_title":"FixDistribution DB - FixDIstribution","og_url":"https:\/\/wdata.fixdistribution.sk\/","og_site_name":"FixDIstribution","article_modified_time":"2022-01-18T20:05:26+00:00","twitter_card":"summary_large_image","twitter_misc":{"Predpokladan\u00fd \u010das \u010d\u00edtania":"1 min\u00fata"},"schema":{"@context":"https:\/\/schema.org","@graph":[{"@type":"WebPage","@id":"https:\/\/wdata.fixdistribution.sk\/","url":"https:\/\/wdata.fixdistribution.sk\/","name":"FixDistribution DB - FixDIstribution","isPartOf":{"@id":"https:\/\/wdata.fixdistribution.sk\/#website"},"datePublished":"2022-01-07T10:55:34+00:00","dateModified":"2022-01-18T20:05:26+00:00","breadcrumb":{"@id":"https:\/\/wdata.fixdistribution.sk\/#breadcrumb"},"inLanguage":"sk-SK","potentialAction":[{"@type":"ReadAction","target":["https:\/\/wdata.fixdistribution.sk\/"]}]},{"@type":"BreadcrumbList","@id":"https:\/\/wdata.fixdistribution.sk\/#breadcrumb","itemListElement":[{"@type":"ListItem","position":1,"name":"Home","item":"https:\/\/wdata.fixdistribution.sk\/"},{"@type":"ListItem","position":2,"name":"FixDistribution DB"}]},{"@type":"WebSite","@id":"https:\/\/wdata.fixdistribution.sk\/#website","url":"https:\/\/wdata.fixdistribution.sk\/","name":"FixDIstribution","description":"","potentialAction":[{"@type":"SearchAction","target":{"@type":"EntryPoint","urlTemplate":"https:\/\/wdata.fixdistribution.sk\/?s={search_term_string}"},"query-input":"required name=search_term_string"}],"inLanguage":"sk-SK"}]}},"_links":{"self":[{"href":"https:\/\/wdata.fixdistribution.sk\/index.php?rest_route=\/wp\/v2\/pages\/2"}],"collection":[{"href":"https:\/\/wdata.fixdistribution.sk\/index.php?rest_route=\/wp\/v2\/pages"}],"about":[{"href":"https:\/\/wdata.fixdistribution.sk\/index.php?rest_route=\/wp\/v2\/types\/page"}],"author":[{"embeddable":true,"href":"https:\/\/wdata.fixdistribution.sk\/index.php?rest_route=\/wp\/v2\/users\/1"}],"replies":[{"embeddable":true,"href":"https:\/\/wdata.fixdistribution.sk\/index.php?rest_route=%2Fwp%2Fv2%2Fcomments&post=2"}],"version-history":[{"count":6,"href":"https:\/\/wdata.fixdistribution.sk\/index.php?rest_route=\/wp\/v2\/pages\/2\/revisions"}],"predecessor-version":[{"id":30,"href":"https:\/\/wdata.fixdistribution.sk\/index.php?rest_route=\/wp\/v2\/pages\/2\/revisions\/30"}],"wp:attachment":[{"href":"https:\/\/wdata.fixdistribution.sk\/index.php?rest_route=%2Fwp%2Fv2%2Fmedia&parent=2"}],"curies":[{"name":"wp","href":"https:\/\/api.w.org\/{rel}","templated":true}]}}